{"id":8980,"date":"2023-06-28T13:45:07","date_gmt":"2023-06-28T11:45:07","guid":{"rendered":"http:\/\/eurodsp.com\/impressum\/"},"modified":"2025-01-22T11:45:53","modified_gmt":"2025-01-22T10:45:53","slug":"mentions-legales","status":"publish","type":"page","link":"https:\/\/eurodsp.com\/fr\/mentions-legales\/","title":{"rendered":"Mentions l\u00e9gales"},"content":{"rendered":"\t\t<div data-elementor-type=\"wp-page\" data-elementor-id=\"8980\" class=\"elementor elementor-8980 elementor-894\" data-elementor-post-type=\"page\">\n\t\t\t\t\t\t<section class=\"elementor-section elementor-top-section elementor-element elementor-element-d4d8075 elementor-section-content-middle elementor-reverse-mobile elementor-section-boxed elementor-section-height-default elementor-section-height-default\" data-id=\"d4d8075\" data-element_type=\"section\" data-e-type=\"section\" data-settings=\"{&quot;jet_parallax_layout_list&quot;:[],&quot;background_background&quot;:&quot;classic&quot;}\">\n\t\t\t\t\t\t<div class=\"elementor-container elementor-column-gap-wider\">\n\t\t\t\t\t<div class=\"elementor-column elementor-col-100 elementor-top-column elementor-element elementor-element-0bd1294\" data-id=\"0bd1294\" data-element_type=\"column\" data-e-type=\"column\">\n\t\t\t<div class=\"elementor-widget-wrap elementor-element-populated\">\n\t\t\t\t\t\t<div class=\"elementor-element elementor-element-7459db5 elementor-widget elementor-widget-heading\" data-id=\"7459db5\" data-element_type=\"widget\" data-e-type=\"widget\" data-widget_type=\"heading.default\">\n\t\t\t\t<div class=\"elementor-widget-container\">\n\t\t\t\t\t<h1 class=\"elementor-heading-title elementor-size-default\">Mentions l\u00e9gales<\/h1>\t\t\t\t<\/div>\n\t\t\t\t<\/div>\n\t\t\t\t\t<\/div>\n\t\t<\/div>\n\t\t\t\t\t<\/div>\n\t\t<\/section>\n\t\t<div class=\"elementor-element elementor-element-230bcdf e-flex e-con-boxed e-con e-parent\" data-id=\"230bcdf\" data-element_type=\"container\" data-e-type=\"container\" data-settings=\"{&quot;jet_parallax_layout_list&quot;:[]}\">\n\t\t\t\t\t<div class=\"e-con-inner\">\n\t\t\t\t<div class=\"elementor-element elementor-element-a78ab5e elementor-widget__width-initial elementor-widget elementor-widget-text-editor\" data-id=\"a78ab5e\" data-element_type=\"widget\" data-e-type=\"widget\" data-widget_type=\"text-editor.default\">\n\t\t\t\t<div class=\"elementor-widget-container\">\n\t\t\t\t\t\t\t\t\t<h2 style=\"padding-top: 0;\">Responsable du contenu<\/h2><p>Eurodsp Digital Media Desk GmbH<br \/>Adresse professionnelle :<br \/>Schwanthalerstr. 5<br \/>DE 80336 Munich<\/p><p>T\u00e9l. : +49 89 46222152<br \/>E-mail : hkarmand@eurodsp.com<br \/><a style=\"font-weight: normal;\" href=\"https:\/\/eurodsp.com\/fr\/\">eurodsp.com<\/a><\/p><p>Directeur g\u00e9n\u00e9ral:<br \/>Hamid Karmand<\/p><p>AG M\u00fcnchen HRB230264<br \/>USt-IDNr DE310158390<\/p><p>Responsable du contenu au sens du \u00a76 MDStV : Hamid Karmand<\/p>\t\t\t\t\t\t\t\t<\/div>\n\t\t\t\t<\/div>\n\t\t\t\t<div class=\"elementor-element elementor-element-f37b6c4 elementor-widget__width-initial elementor-widget elementor-widget-text-editor\" data-id=\"f37b6c4\" data-element_type=\"widget\" data-e-type=\"widget\" data-widget_type=\"text-editor.default\">\n\t\t\t\t<div class=\"elementor-widget-container\">\n\t\t\t\t\t\t\t\t\t<h2>Disclaimer &#8211; informations juridiques<\/h2><h3>\u00a7 1 Limitation de responsabilit\u00e9<\/h3><p>Les contenus de ce site web sont \u00e9labor\u00e9s avec le plus grand soin. Le fournisseur n&rsquo;assume toutefois aucune garantie quant \u00e0 l&rsquo;exactitude, l&rsquo;exhaustivit\u00e9 et l&rsquo;actualit\u00e9 des contenus mis \u00e0 disposition. L&rsquo;utilisation des contenus du site web se fait aux risques et p\u00e9rils de l&rsquo;utilisateur. Les contributions nomm\u00e9es refl\u00e8tent l&rsquo;opinion de l&rsquo;auteur respectif et pas toujours celle du fournisseur. La simple utilisation du site web du fournisseur ne donne lieu \u00e0 aucune relation contractuelle entre l&rsquo;utilisateur et le fournisseur.<\/p>\t\t\t\t\t\t\t\t<\/div>\n\t\t\t\t<\/div>\n\t\t\t\t<div class=\"elementor-element elementor-element-1921c49 elementor-widget__width-initial elementor-widget elementor-widget-text-editor\" data-id=\"1921c49\" data-element_type=\"widget\" data-e-type=\"widget\" data-widget_type=\"text-editor.default\">\n\t\t\t\t<div class=\"elementor-widget-container\">\n\t\t\t\t\t\t\t\t\t<h3>\u00a7 2 Liens externes<\/h3><p>Par la pr\u00e9sente, Eurodsp Digital Media Desk se distancie express\u00e9ment du contenu des liens externes. Ce site web contient des liens vers des sites web de tiers (\u00ab\u00a0liens externes\u00a0\u00bb). Ces sites sont soumis \u00e0 la responsabilit\u00e9 de leurs exploitants respectifs. Lors de la premi\u00e8re mise en place des liens externes, le fournisseur a v\u00e9rifi\u00e9 si les contenus externes pr\u00e9sentaient d&rsquo;\u00e9ventuelles violations de la loi. Aucune violation de la loi n&rsquo;a \u00e9t\u00e9 constat\u00e9e \u00e0 ce moment-l\u00e0. Le fournisseur n&rsquo;a aucune influence sur la conception actuelle et future et sur les contenus des pages li\u00e9es. La mise en place de liens externes ne signifie pas que le fournisseur s&rsquo;approprie les contenus se trouvant derri\u00e8re le renvoi ou le lien. Un contr\u00f4le permanent des liens externes ne peut \u00eatre exig\u00e9 du fournisseur sans indication concr\u00e8te de violations de la loi. En cas de prise de connaissance d&rsquo;une violation de la loi, de tels liens externes seront toutefois imm\u00e9diatement supprim\u00e9s.<\/p>\t\t\t\t\t\t\t\t<\/div>\n\t\t\t\t<\/div>\n\t\t\t\t<div class=\"elementor-element elementor-element-4e90fd4 elementor-widget__width-initial elementor-widget-tablet__width-initial elementor-widget elementor-widget-text-editor\" data-id=\"4e90fd4\" data-element_type=\"widget\" data-e-type=\"widget\" data-widget_type=\"text-editor.default\">\n\t\t\t\t<div class=\"elementor-widget-container\">\n\t\t\t\t\t\t\t\t\t<h3>\u00a7 3 Droits d&rsquo;auteur et droits voisins<\/h3><p>Les contenus publi\u00e9s sur ce site Internet sont soumis au droit d&rsquo;auteur et aux droits voisins allemands. Toute utilisation non autoris\u00e9e par le droit d&rsquo;auteur et les droits voisins allemands requiert l&rsquo;accord \u00e9crit pr\u00e9alable du fournisseur ou du d\u00e9tenteur des droits. Cela s&rsquo;applique en particulier \u00e0 la reproduction, au traitement, \u00e0 la traduction, \u00e0 l&rsquo;enregistrement, au traitement ou \u00e0 la restitution de contenus dans des bases de donn\u00e9es ou d&rsquo;autres m\u00e9dias et syst\u00e8mes \u00e9lectroniques. Les contenus et droits de tiers sont signal\u00e9s comme tels. La reproduction ou la transmission non autoris\u00e9e de contenus individuels ou de pages compl\u00e8tes est interdite et punissable. Seule la r\u00e9alisation de copies et de t\u00e9l\u00e9chargements pour un usage personnel, priv\u00e9 et non commercial est autoris\u00e9e.<\/p><p>La repr\u00e9sentation de ce site web dans des cadres \u00e9trangers n&rsquo;est autoris\u00e9e qu&rsquo;avec une permission \u00e9crite.<\/p>\t\t\t\t\t\t\t\t<\/div>\n\t\t\t\t<\/div>\n\t\t\t\t<div class=\"elementor-element elementor-element-4f13dc3 elementor-widget__width-initial elementor-widget-tablet__width-initial elementor-widget elementor-widget-text-editor\" data-id=\"4f13dc3\" data-element_type=\"widget\" data-e-type=\"widget\" data-widget_type=\"text-editor.default\">\n\t\t\t\t<div class=\"elementor-widget-container\">\n\t\t\t\t\t\t\t\t\t<h3>\u00a7 4 Conditions d&rsquo;utilisation particuli\u00e8res<\/h3><p>Dans la mesure o\u00f9 des conditions particuli\u00e8res pour certaines utilisations de ce site web diff\u00e8rent des paragraphes susmentionn\u00e9s, il en est fait express\u00e9ment mention \u00e0 l&rsquo;endroit correspondant. Dans ce cas, les conditions d&rsquo;utilisation particuli\u00e8res s&rsquo;appliquent au cas par cas.<\/p>\t\t\t\t\t\t\t\t<\/div>\n\t\t\t\t<\/div>\n\t\t\t\t\t<\/div>\n\t\t\t\t<\/div>\n\t\t\t\t<\/div>\n\t\t","protected":false},"excerpt":{"rendered":"<p>Responsable du contenu Eurodsp Digital Media Desk GmbHAdresse professionnelle :Schwanthalerstr. 5DE 80336 Munich T\u00e9l. : +49 89 46222152E-mail : hkarmand@eurodsp.comeurodsp.com Directeur g\u00e9n\u00e9ral:Hamid Karmand AG M\u00fcnchen HRB230264USt-IDNr DE310158390 Responsable du contenu au sens du \u00a76 MDStV : Hamid Karmand Disclaimer &#8211; informations juridiques \u00a7 1 Limitation de responsabilit\u00e9 Les contenus de ce site web sont \u00e9labor\u00e9s [&hellip;]<\/p>\n","protected":false},"author":1,"featured_media":0,"parent":0,"menu_order":500,"comment_status":"closed","ping_status":"closed","template":"elementor_header_footer","meta":{"footnotes":""},"class_list":["post-8980","page","type-page","status-publish","hentry"],"_links":{"self":[{"href":"https:\/\/eurodsp.com\/fr\/wp-json\/wp\/v2\/pages\/8980","targetHints":{"allow":["GET"]}}],"collection":[{"href":"https:\/\/eurodsp.com\/fr\/wp-json\/wp\/v2\/pages"}],"about":[{"href":"https:\/\/eurodsp.com\/fr\/wp-json\/wp\/v2\/types\/page"}],"author":[{"embeddable":true,"href":"https:\/\/eurodsp.com\/fr\/wp-json\/wp\/v2\/users\/1"}],"replies":[{"embeddable":true,"href":"https:\/\/eurodsp.com\/fr\/wp-json\/wp\/v2\/comments?post=8980"}],"version-history":[{"count":0,"href":"https:\/\/eurodsp.com\/fr\/wp-json\/wp\/v2\/pages\/8980\/revisions"}],"wp:attachment":[{"href":"https:\/\/eurodsp.com\/fr\/wp-json\/wp\/v2\/media?parent=8980"}],"curies":[{"name":"wp","href":"https:\/\/api.w.org\/{rel}","templated":true}]}}